{"id":424,"date":"2022-11-30T18:30:13","date_gmt":"2022-11-30T18:30:13","guid":{"rendered":"https:\/\/hellsangelscroatia.com\/shop\/?post_type=product&#038;p=424"},"modified":"2024-04-03T10:58:52","modified_gmt":"2024-04-03T10:58:52","slug":"womens-red-thong-with-lace-zenske-crvene-tange-sa-cipkom","status":"publish","type":"product","link":"https:\/\/hellsangelscroatia.com\/shop\/product\/womens-red-thong-with-lace-zenske-crvene-tange-sa-cipkom\/","title":{"rendered":"Women&#8217;s red thong with lace &#8211; \u017denske crvene tange sa \u010dipkom"},"content":{"rendered":"<p>Women&#8217;s red thong with lace &#8211; \u017denske crvene tange sa \u010dipkom<\/p>\n<p>Size: L and XL<\/p>\n","protected":false},"excerpt":{"rendered":"<p>Women&#8217;s red thong with lace &#8211; \u017denske crvene tange sa \u010dipkom Size: L and XL<\/p>\n","protected":false},"featured_media":771,"template":"","meta":[],"product_cat":[15,36],"product_tag":[40,41],"class_list":["post-424","product","type-product","status-publish","has-post-thumbnail","hentry","product_cat-fan-shop","product_cat-other-razno","product_tag-tange","product_tag-tong","entry"],"_links":{"self":[{"href":"https:\/\/hellsangelscroatia.com\/shop\/wp-json\/wp\/v2\/product\/424","targetHints":{"allow":["GET"]}}],"collection":[{"href":"https:\/\/hellsangelscroatia.com\/shop\/wp-json\/wp\/v2\/product"}],"about":[{"href":"https:\/\/hellsangelscroatia.com\/shop\/wp-json\/wp\/v2\/types\/product"}],"wp:featuredmedia":[{"embeddable":true,"href":"https:\/\/hellsangelscroatia.com\/shop\/wp-json\/wp\/v2\/media\/771"}],"wp:attachment":[{"href":"https:\/\/hellsangelscroatia.com\/shop\/wp-json\/wp\/v2\/media?parent=424"}],"wp:term":[{"taxonomy":"product_cat","embeddable":true,"href":"https:\/\/hellsangelscroatia.com\/shop\/wp-json\/wp\/v2\/product_cat?post=424"},{"taxonomy":"product_tag","embeddable":true,"href":"https:\/\/hellsangelscroatia.com\/shop\/wp-json\/wp\/v2\/product_tag?post=424"}],"curies":[{"name":"wp","href":"https:\/\/api.w.org\/{rel}","templated":true}]}}